{"id":416,"date":"2024-03-13T22:50:18","date_gmt":"2024-03-13T22:50:18","guid":{"rendered":"https:\/\/legomarketing.com\/?page_id=416"},"modified":"2024-04-16T16:28:05","modified_gmt":"2024-04-16T15:28:05","slug":"inicio","status":"publish","type":"page","link":"https:\/\/legomarketing.com\/","title":{"rendered":"Inicio"},"content":{"rendered":"\t\t<div data-elementor-type=\"wp-page\" data-elementor-id=\"416\" class=\"elementor elementor-416\" data-elementor-post-type=\"page\">\n\t\t\t\t<div class=\"elementor-element elementor-element-faa8f47 e-con-full e-flex e-con e-parent\" data-id=\"faa8f47\" data-element_type=\"container\" data-settings=\"{&quot;background_background&quot;:&quot;classic&quot;}\">\n\t\t<div class=\"elementor-element elementor-element-ad8366f e-con-full e-flex e-con e-child\" data-id=\"ad8366f\" data-element_type=\"container\" data-settings=\"{&quot;background_background&quot;:&quot;classic&quot;}\">\n\t\t<div class=\"elementor-element elementor-element-ca919d1 e-flex e-con-boxed e-con e-child\" data-id=\"ca919d1\" data-element_type=\"container\">\n\t\t\t\t\t<div class=\"e-con-inner\">\n\t\t\t\t<div class=\"elementor-element elementor-element-d954fba jltma-glass-effect-no elementor-widget elementor-widget-image\" data-id=\"d954fba\" data-element_type=\"widget\" data-widget_type=\"image.default\">\n\t\t\t\t<div class=\"elementor-widget-container\">\n\t\t\t\t\t\t\t\t\t\t\t\t\t\t\t<img fetchpriority=\"high\" decoding=\"async\" width=\"3500\" height=\"1388\" src=\"https:\/\/legomarketing.com\/wp-content\/uploads\/2024\/03\/ElementoGrafico.png\" class=\"attachment-full size-full wp-image-425\" alt=\"\" srcset=\"https:\/\/legomarketing.com\/wp-content\/uploads\/2024\/03\/ElementoGrafico.png 3500w, https:\/\/legomarketing.com\/wp-content\/uploads\/2024\/03\/ElementoGrafico-300x119.png 300w, https:\/\/legomarketing.com\/wp-content\/uploads\/2024\/03\/ElementoGrafico-1024x406.png 1024w, https:\/\/legomarketing.com\/wp-content\/uploads\/2024\/03\/ElementoGrafico-768x305.png 768w, https:\/\/legomarketing.com\/wp-content\/uploads\/2024\/03\/ElementoGrafico-1536x609.png 1536w, https:\/\/legomarketing.com\/wp-content\/uploads\/2024\/03\/ElementoGrafico-2048x812.png 2048w\" sizes=\"(max-width: 3500px) 100vw, 3500px\" \/>\t\t\t\t\t\t\t\t\t\t\t\t\t\t\t<\/div>\n\t\t\t\t<\/div>\n\t\t\t\t\t<\/div>\n\t\t\t\t<\/div>\n\t\t<div class=\"elementor-element elementor-element-d1d863b e-flex e-con-boxed e-con e-child\" data-id=\"d1d863b\" data-element_type=\"container\">\n\t\t\t\t\t<div class=\"e-con-inner\">\n\t\t\t\t<div class=\"elementor-element elementor-element-fe187a1 elementor-widget__width-initial jltma-glass-effect-no elementor-widget elementor-widget-ma-headlines\" data-id=\"fe187a1\" data-element_type=\"widget\" data-settings=\"{&quot;anim_delay&quot;:2500,&quot;letters_anim_delay&quot;:50}\" data-widget_type=\"ma-headlines.default\">\n\t\t\t\t<div class=\"elementor-widget-container\">\n\t\t\t\t\t\t\t<div id=\"jltma-heading-fe187a1\" class=\"jltma-animated-heading\">\n\t\t\t<div class=\"jltma-animated-heading-wrapper\">\n\t\t\t\t<p class=\"jltma-animated-heading-title jltma-animated-headline letters rotate-2 main-title\" id=\"jltma-animated-heading-fe187a1\">\n\t\t\t\t\t<span class=\"first-heading\">\n\t\t\t\t\t\tEL EST\u00c1NDAR\t\t\t\t\t<\/span>\n\t\t\t\t\t<span class=\"jltma-words-wrapper\">\n\t\t\t\t\t\t\t\t\t\t\t\t\t<b class=\"second-heading is-visible\">\n\t\t\t\t\t\t\t\tDEL DISE\u00d1O\t\t\t\t\t\t\t<\/b>\n\t\t\t\t\t\t\t\t\t\t\t\t\t<b class=\"second-heading \">\n\t\t\t\t\t\t\t\tDEL MERCADEO\t\t\t\t\t\t\t<\/b>\n\t\t\t\t\t\t\t\t\t\t\t\t\t<b class=\"second-heading \">\n\t\t\t\t\t\t\t\tDE LA CREATIVIDAD\t\t\t\t\t\t\t<\/b>\n\t\t\t\t\t\t\t\t\t\t\t\t\t<b class=\"second-heading \">\n\t\t\t\t\t\t\t\tDE LA ANIMACI\u00d3N\t\t\t\t\t\t\t<\/b>\n\t\t\t\t\t\t\t\t\t\t\t<\/span>\n\t\t\t\t<\/p>\n\t\t\t<\/div>\n\t\t<\/div>\n\n\t\t\t\t<\/div>\n\t\t\t\t<\/div>\n\t\t\t\t<div class=\"elementor-element elementor-element-a4ffe62 elementor-widget__width-initial jltma-glass-effect-no elementor-widget elementor-widget-heading\" data-id=\"a4ffe62\" data-element_type=\"widget\" data-widget_type=\"heading.default\">\n\t\t\t\t<div class=\"elementor-widget-container\">\n\t\t\t\t\t<h1 class=\"elementor-heading-title elementor-size-default\">SOMOS UNA AGENCIA CREATIVA QUE ROMPE<\/h1>\t\t\t\t<\/div>\n\t\t\t\t<\/div>\n\t\t\t\t\t<\/div>\n\t\t\t\t<\/div>\n\t\t<div class=\"elementor-element elementor-element-4a4ff01 e-con-full e-flex e-con e-child\" data-id=\"4a4ff01\" data-element_type=\"container\">\n\t\t<div class=\"elementor-element elementor-element-ea98792 e-con-full e-flex e-con e-child\" data-id=\"ea98792\" data-element_type=\"container\">\n\t\t\t\t<div class=\"elementor-element elementor-element-ce8e2d0 elementor-shape-circle e-grid-align-left elementor-grid-0 jltma-glass-effect-no elementor-widget elementor-widget-social-icons\" data-id=\"ce8e2d0\" data-element_type=\"widget\" data-widget_type=\"social-icons.default\">\n\t\t\t\t<div class=\"elementor-widget-container\">\n\t\t\t\t\t\t\t<div class=\"elementor-social-icons-wrapper elementor-grid\">\n\t\t\t\t\t\t\t<span class=\"elementor-grid-item\">\n\t\t\t\t\t<a class=\"elementor-icon elementor-social-icon elementor-social-icon-tiktok elementor-repeater-item-152d408\" href=\"https:\/\/www.tiktok.com\/@legomarketing?_t=8kgBvq9inKU&#038;_r=1\" target=\"_blank\">\n\t\t\t\t\t\t<span class=\"elementor-screen-only\">Tiktok<\/span>\n\t\t\t\t\t\t<i class=\"fab fa-tiktok\"><\/i>\t\t\t\t\t<\/a>\n\t\t\t\t<\/span>\n\t\t\t\t\t\t\t<span class=\"elementor-grid-item\">\n\t\t\t\t\t<a class=\"elementor-icon elementor-social-icon elementor-social-icon-instagram elementor-repeater-item-a78e8af\" href=\"https:\/\/www.instagram.com\/legomarketing\/\" target=\"_blank\">\n\t\t\t\t\t\t<span class=\"elementor-screen-only\">Instagram<\/span>\n\t\t\t\t\t\t<i class=\"fab fa-instagram\"><\/i>\t\t\t\t\t<\/a>\n\t\t\t\t<\/span>\n\t\t\t\t\t\t\t<span class=\"elementor-grid-item\">\n\t\t\t\t\t<a class=\"elementor-icon elementor-social-icon elementor-social-icon-facebook elementor-repeater-item-c4f266e\" href=\"https:\/\/www.facebook.com\/profile.php?id=100063600879112&#038;mibextid=PtKPJ9\" target=\"_blank\">\n\t\t\t\t\t\t<span class=\"elementor-screen-only\">Facebook<\/span>\n\t\t\t\t\t\t<i class=\"fab fa-facebook\"><\/i>\t\t\t\t\t<\/a>\n\t\t\t\t<\/span>\n\t\t\t\t\t<\/div>\n\t\t\t\t\t\t<\/div>\n\t\t\t\t<\/div>\n\t\t\t\t<\/div>\n\t\t<div class=\"elementor-element elementor-element-0ff0d5d e-con-full e-flex e-con e-child\" data-id=\"0ff0d5d\" data-element_type=\"container\">\n\t\t\t\t<div class=\"elementor-element elementor-element-c150e4e elementor-widget-mobile__width-initial jltma-glass-effect-no elementor-widget elementor-widget-image\" data-id=\"c150e4e\" data-element_type=\"widget\" data-widget_type=\"image.default\">\n\t\t\t\t<div class=\"elementor-widget-container\">\n\t\t\t\t\t\t\t\t\t\t\t\t\t\t\t<img decoding=\"async\" width=\"1093\" height=\"522\" src=\"https:\/\/legomarketing.com\/wp-content\/uploads\/2024\/03\/Grupo-23.png\" class=\"attachment-full size-full wp-image-424\" alt=\"\" srcset=\"https:\/\/legomarketing.com\/wp-content\/uploads\/2024\/03\/Grupo-23.png 1093w, https:\/\/legomarketing.com\/wp-content\/uploads\/2024\/03\/Grupo-23-300x143.png 300w, https:\/\/legomarketing.com\/wp-content\/uploads\/2024\/03\/Grupo-23-1024x489.png 1024w, https:\/\/legomarketing.com\/wp-content\/uploads\/2024\/03\/Grupo-23-768x367.png 768w\" sizes=\"(max-width: 1093px) 100vw, 1093px\" \/>\t\t\t\t\t\t\t\t\t\t\t\t\t\t\t<\/div>\n\t\t\t\t<\/div>\n\t\t\t\t<div class=\"elementor-element elementor-element-797d69e elementor-widget-mobile__width-initial elementor-hidden-desktop elementor-hidden-tablet jltma-glass-effect-no elementor-widget elementor-widget-image\" data-id=\"797d69e\" data-element_type=\"widget\" data-widget_type=\"image.default\">\n\t\t\t\t<div class=\"elementor-widget-container\">\n\t\t\t\t\t\t\t\t\t\t\t\t\t\t\t<img decoding=\"async\" width=\"800\" height=\"393\" src=\"https:\/\/legomarketing.com\/wp-content\/uploads\/2024\/03\/Grupo-18.png\" class=\"attachment-large size-large wp-image-423\" alt=\"\" srcset=\"https:\/\/legomarketing.com\/wp-content\/uploads\/2024\/03\/Grupo-18.png 924w, https:\/\/legomarketing.com\/wp-content\/uploads\/2024\/03\/Grupo-18-300x147.png 300w, https:\/\/legomarketing.com\/wp-content\/uploads\/2024\/03\/Grupo-18-768x377.png 768w\" sizes=\"(max-width: 800px) 100vw, 800px\" \/>\t\t\t\t\t\t\t\t\t\t\t\t\t\t\t<\/div>\n\t\t\t\t<\/div>\n\t\t\t\t<\/div>\n\t\t<div class=\"elementor-element elementor-element-6af073b e-con-full elementor-hidden-mobile e-flex e-con e-child\" data-id=\"6af073b\" data-element_type=\"container\">\n\t\t\t\t<div class=\"elementor-element elementor-element-7a658ed jltma-glass-effect-no elementor-widget elementor-widget-image\" data-id=\"7a658ed\" data-element_type=\"widget\" data-widget_type=\"image.default\">\n\t\t\t\t<div class=\"elementor-widget-container\">\n\t\t\t\t\t\t\t\t\t\t\t\t\t\t\t<img decoding=\"async\" width=\"800\" height=\"393\" src=\"https:\/\/legomarketing.com\/wp-content\/uploads\/2024\/03\/Grupo-18.png\" class=\"attachment-large size-large wp-image-423\" alt=\"\" srcset=\"https:\/\/legomarketing.com\/wp-content\/uploads\/2024\/03\/Grupo-18.png 924w, https:\/\/legomarketing.com\/wp-content\/uploads\/2024\/03\/Grupo-18-300x147.png 300w, https:\/\/legomarketing.com\/wp-content\/uploads\/2024\/03\/Grupo-18-768x377.png 768w\" sizes=\"(max-width: 800px) 100vw, 800px\" \/>\t\t\t\t\t\t\t\t\t\t\t\t\t\t\t<\/div>\n\t\t\t\t<\/div>\n\t\t\t\t<\/div>\n\t\t\t\t<\/div>\n\t\t\t\t<\/div>\n\t\t<div class=\"elementor-element elementor-element-b896239 e-flex e-con-boxed e-con e-child\" data-id=\"b896239\" data-element_type=\"container\" data-settings=\"{&quot;background_background&quot;:&quot;classic&quot;}\">\n\t\t\t\t\t<div class=\"e-con-inner\">\n\t\t<div class=\"elementor-element elementor-element-6717e89 e-flex e-con-boxed e-con e-child\" data-id=\"6717e89\" data-element_type=\"container\">\n\t\t\t\t\t<div class=\"e-con-inner\">\n\t\t\t\t<div class=\"elementor-element elementor-element-1c5c779 elementor-absolute jltma-glass-effect-no elementor-invisible elementor-widget elementor-widget-image\" data-id=\"1c5c779\" data-element_type=\"widget\" data-settings=\"{&quot;_position&quot;:&quot;absolute&quot;,&quot;_animation&quot;:&quot;zoomIn&quot;}\" data-widget_type=\"image.default\">\n\t\t\t\t<div class=\"elementor-widget-container\">\n\t\t\t\t\t\t\t\t\t\t\t\t\t\t\t<img loading=\"lazy\" decoding=\"async\" width=\"756\" height=\"781\" src=\"https:\/\/legomarketing.com\/wp-content\/uploads\/2024\/03\/Grupo-39.png\" class=\"attachment-full size-full wp-image-441\" alt=\"\" srcset=\"https:\/\/legomarketing.com\/wp-content\/uploads\/2024\/03\/Grupo-39.png 756w, https:\/\/legomarketing.com\/wp-content\/uploads\/2024\/03\/Grupo-39-290x300.png 290w\" sizes=\"(max-width: 756px) 100vw, 756px\" \/>\t\t\t\t\t\t\t\t\t\t\t\t\t\t\t<\/div>\n\t\t\t\t<\/div>\n\t\t\t\t\t<\/div>\n\t\t\t\t<\/div>\n\t\t<div class=\"elementor-element elementor-element-9f56a8f e-flex e-con-boxed e-con e-child\" data-id=\"9f56a8f\" data-element_type=\"container\">\n\t\t\t\t\t<div class=\"e-con-inner\">\n\t\t<div class=\"elementor-element elementor-element-1951965 e-con-full e-flex e-con e-child\" data-id=\"1951965\" data-element_type=\"container\" data-settings=\"{&quot;background_background&quot;:&quot;classic&quot;}\">\n\t\t\t\t<div class=\"elementor-element elementor-element-f736f4b elementor-widget-tablet__width-initial elementor-widget-mobile__width-initial jltma-glass-effect-no elementor-widget elementor-widget-heading\" data-id=\"f736f4b\" data-element_type=\"widget\" data-widget_type=\"heading.default\">\n\t\t\t\t<div class=\"elementor-widget-container\">\n\t\t\t\t\t<h2 class=\"elementor-heading-title elementor-size-default\">Hag\u00e1moslo simple, \u00bfQue necesitas?<\/h2>\t\t\t\t<\/div>\n\t\t\t\t<\/div>\n\t\t\t\t<div class=\"elementor-element elementor-element-7d3203d elementor-button-align-end elementor-mobile-button-align-center jltma-glass-effect-no elementor-widget elementor-widget-form\" data-id=\"7d3203d\" data-element_type=\"widget\" data-settings=\"{&quot;step_next_label&quot;:&quot;Next&quot;,&quot;step_previous_label&quot;:&quot;Previous&quot;,&quot;step_type&quot;:&quot;number_text&quot;,&quot;step_icon_shape&quot;:&quot;circle&quot;}\" data-widget_type=\"form.default\">\n\t\t\t\t<div class=\"elementor-widget-container\">\n\t\t\t\t\t\t\t<form class=\"elementor-form\" method=\"post\" name=\"New Form\">\n\t\t\t<input type=\"hidden\" name=\"post_id\" value=\"416\"\/>\n\t\t\t<input type=\"hidden\" name=\"form_id\" value=\"7d3203d\"\/>\n\t\t\t<input type=\"hidden\" name=\"referer_title\" value=\"\" \/>\n\n\t\t\t\n\t\t\t<div class=\"elementor-form-fields-wrapper elementor-labels-above\">\n\t\t\t\t\t\t\t\t<div class=\"elementor-field-type-email elementor-field-group elementor-column elementor-field-group-email elementor-col-100 elementor-field-required\">\n\t\t\t\t\t\t\t\t\t\t\t\t\t<input size=\"1\" type=\"email\" name=\"form_fields[email]\" id=\"form-field-email\" class=\"elementor-field elementor-size-sm  elementor-field-textual\" placeholder=\"Correo electr\u00f3nico\" required=\"required\">\n\t\t\t\t\t\t\t\t\t\t\t<\/div>\n\t\t\t\t\t\t\t\t<div class=\"elementor-field-type-tel elementor-field-group elementor-column elementor-field-group-field_64c224a elementor-col-100 elementor-field-required\">\n\t\t\t\t\t\t\t<input size=\"1\" type=\"tel\" name=\"form_fields[field_64c224a]\" id=\"form-field-field_64c224a\" class=\"elementor-field elementor-size-sm  elementor-field-textual\" placeholder=\"WhatsApp\" required=\"required\" pattern=\"[0-9()#&amp;+*-=.]+\" title=\"Only numbers and phone characters (#, -, *, etc) are accepted.\">\n\n\t\t\t\t\t\t<\/div>\n\t\t\t\t\t\t\t\t<div class=\"elementor-field-type-textarea elementor-field-group elementor-column elementor-field-group-message elementor-col-100\">\n\t\t\t\t\t<textarea class=\"elementor-field-textual elementor-field  elementor-size-sm\" name=\"form_fields[message]\" id=\"form-field-message\" rows=\"4\" placeholder=\"Vendenos problemas. Aqui te ofrecemos soluciones.\"><\/textarea>\t\t\t\t<\/div>\n\t\t\t\t\t\t\t\t<div class=\"elementor-field-type-recaptcha_v3 elementor-field-group elementor-column elementor-field-group-field_5de1f26 elementor-col-100 recaptcha_v3-bottomright\">\n\t\t\t\t\t<div class=\"elementor-field\" id=\"form-field-field_5de1f26\"><div class=\"elementor-g-recaptcha\" data-sitekey=\"6LfBKYIpAAAAAJBCIVYgrfw13QCIDNdmg2_KXbU0\" data-type=\"v3\" data-action=\"Form\" data-badge=\"bottomright\" data-size=\"invisible\"><\/div><\/div>\t\t\t\t<\/div>\n\t\t\t\t\t\t\t\t<div class=\"elementor-field-group elementor-column elementor-field-type-submit elementor-col-100 e-form__buttons\">\n\t\t\t\t\t<button class=\"elementor-button elementor-size-md\" type=\"submit\">\n\t\t\t\t\t\t<span class=\"elementor-button-content-wrapper\">\n\t\t\t\t\t\t\t\t\t\t\t\t\t\t\t\t\t\t\t\t\t\t<span class=\"elementor-button-text\">Contactar<\/span>\n\t\t\t\t\t\t\t\t\t\t\t\t\t<\/span>\n\t\t\t\t\t<\/button>\n\t\t\t\t<\/div>\n\t\t\t<\/div>\n\t\t<\/form>\n\t\t\t\t\t\t<\/div>\n\t\t\t\t<\/div>\n\t\t\t\t<\/div>\n\t\t\t\t\t<\/div>\n\t\t\t\t<\/div>\n\t\t\t\t\t<\/div>\n\t\t\t\t<\/div>\n\t\t\t\t<\/div>\n\t\t\t\t<\/div>\n\t\t","protected":false},"excerpt":{"rendered":"<p>EL EST\u00c1NDAR DEL DISE\u00d1O DEL MERCADEO DE LA CREATIVIDAD DE LA ANIMACI\u00d3N SOMOS UNA AGENCIA CREATIVA QUE ROMPE Tiktok Instagram Facebook Hag\u00e1moslo simple, \u00bfQue necesitas?<\/p>\n","protected":false},"author":1,"featured_media":0,"parent":0,"menu_order":0,"comment_status":"closed","ping_status":"closed","template":"elementor_canvas","meta":{"footnotes":""},"_links":{"self":[{"href":"https:\/\/legomarketing.com\/index.php\/wp-json\/wp\/v2\/pages\/416"}],"collection":[{"href":"https:\/\/legomarketing.com\/index.php\/wp-json\/wp\/v2\/pages"}],"about":[{"href":"https:\/\/legomarketing.com\/index.php\/wp-json\/wp\/v2\/types\/page"}],"author":[{"embeddable":true,"href":"https:\/\/legomarketing.com\/index.php\/wp-json\/wp\/v2\/users\/1"}],"replies":[{"embeddable":true,"href":"https:\/\/legomarketing.com\/index.php\/wp-json\/wp\/v2\/comments?post=416"}],"version-history":[{"count":80,"href":"https:\/\/legomarketing.com\/index.php\/wp-json\/wp\/v2\/pages\/416\/revisions"}],"predecessor-version":[{"id":916,"href":"https:\/\/legomarketing.com\/index.php\/wp-json\/wp\/v2\/pages\/416\/revisions\/916"}],"wp:attachment":[{"href":"https:\/\/legomarketing.com\/index.php\/wp-json\/wp\/v2\/media?parent=416"}],"curies":[{"name":"wp","href":"https:\/\/api.w.org\/{rel}","templated":true}]}}